{"id":2484,"date":"2024-05-06T18:49:12","date_gmt":"2024-05-06T16:49:12","guid":{"rendered":"https:\/\/www.vecchiarapallo.com\/?page_id=2484"},"modified":"2024-05-06T18:53:40","modified_gmt":"2024-05-06T16:53:40","slug":"gara-di-cucina","status":"publish","type":"page","link":"https:\/\/www.vecchiarapallo.com\/index.php\/gara-di-cucina\/","title":{"rendered":"Gara di cucina"},"content":{"rendered":"\n<p>\u00a0<\/p>\n<p><strong>Numero \u00a0di partecipanti: minimo 4 \u2013 massimo 8<\/strong><br \/><strong>Ora di inizio: 10.00<\/strong><\/p>\n<p><strong>Ricette oggetto della sfida che ogni partecipante dovr\u00e0 preparare:<\/strong><\/p>\n<p><strong>Pesto al mortaio<\/strong><br \/><strong>Salsa di Noce al mortaio<\/strong><br \/><strong>Dolce<\/strong><\/p>\n<p><strong>e un wine tasting ( 3 vini liguri)<\/strong><\/p>\n<p>\u00a0<\/p>\n<p><strong>Programma<\/strong><\/p>\n<p><strong>Preparazione delle ricette:<\/strong><br \/><strong>Ogni partecipante avr\u00e0 a disposizione un tavolo con tutta l\u2019attrezzatura, gli ingredienti e le schede (contente gli ingredienti e i passi ) per preparare le ricette.<\/strong><br \/><strong>Ogni partecipante avr\u00e0 a disposizione 10 minuti per studiare la ricetta e altri 15 minuti per prepararla.<\/strong><br \/><strong>I piatti saranno preparati uno alla volta e al termine di ogni preparazione i nostri chefs assaggeranno e daranno una votazione per piatto \u00a0da\u00a0 1 a 3<\/strong><\/p>\n<p><strong>Wine tasting:<\/strong><br \/><strong>al termine della preparazione dei piatti si passer\u00e0 al wine tasting. Tre vini saranno messi in 3 decanter anonimi ma numerati. Ai partecipanti sar\u00e0 fornita una scheda tecnica per ogni vino. I partecipanti, dopo la degustazione dovranno abbinare il numero del decanter al vino. Punteggio da 0\u00a0 a 3.<\/strong><\/p>\n<p><strong>Conclusione:<\/strong><br \/><strong>Al termine chi avr\u00e0 totalizzato il maggior punteggio (somma dei punteggi di tutte le singole prove) sar\u00e0 il vincitore e ricever\u00e0 in premio una bottiglia di vino ligure.<\/strong><\/p>\n<p><strong>Il prezzo\u00a0 comprende<\/strong><\/p>\n<p><strong>Il caff\u00e8 e l&#8217;acqua minerale<\/strong><br \/><strong>La gara di cucina<\/strong><\/p>\n<p><strong>Il pranzo col seguente men\u00f9:<\/strong><br \/><strong>Focaccia la formaggio<\/strong><br \/><strong>Trofie al Pesto<\/strong><br \/><strong>Acqua <\/strong><br \/><strong>Vino<\/strong><\/p>\n<p><strong>Aiuto: ogni partecipante, durante la gara, avr\u00e0 a disposizione la possibilit\u00e0 di fare 3 domande ai nostri chefs<\/strong><\/p>\n<p><strong>Una piccola brochure\u00a0 contenente le ricette e le istruzioni (corredate di foto) per la preparazione dei piatti.<\/strong><\/p>\n<p>\u00a0<\/p>\n<p><strong><u>Per informazioni o prenotazioni<br \/>tel: 0185\/50053<br \/><\/u><u>email: info@vecchiarapallo.com<\/u><\/strong><\/p>\n<p><strong><u><\/u><a href=\"https:\/\/www.instagram.com\/hostariavecchiarapallo\/\">https:\/\/www.instagram.com\/hostariavecchiarapallo\/<\/a><\/strong><\/p>\n<p>\u00a0<\/p>\n","protected":false},"excerpt":{"rendered":"<p>\u00a0 Numero \u00a0di partecipanti: minimo 4 \u2013 massimo 8Ora di inizio: 10.00 Ricette oggetto della sfida che ogni partecipante dovr\u00e0 preparare: Pesto al mortaioSalsa di Noce al mortaioDolce e un wine tasting ( 3 vini liguri) \u00a0 Programma Preparazione delle ricette:Ogni partecipante avr\u00e0 a disposizione un tavolo con tutta l\u2019attrezzatura, gli ingredienti e le schede [&hellip;]<\/p>\n","protected":false},"author":3,"featured_media":0,"parent":0,"menu_order":0,"comment_status":"closed","ping_status":"closed","template":"","meta":{"_et_pb_use_builder":"","_et_pb_old_content":"","_et_gb_content_width":"","footnotes":""},"_links":{"self":[{"href":"https:\/\/www.vecchiarapallo.com\/index.php\/wp-json\/wp\/v2\/pages\/2484"}],"collection":[{"href":"https:\/\/www.vecchiarapallo.com\/index.php\/wp-json\/wp\/v2\/pages"}],"about":[{"href":"https:\/\/www.vecchiarapallo.com\/index.php\/wp-json\/wp\/v2\/types\/page"}],"author":[{"embeddable":true,"href":"https:\/\/www.vecchiarapallo.com\/index.php\/wp-json\/wp\/v2\/users\/3"}],"replies":[{"embeddable":true,"href":"https:\/\/www.vecchiarapallo.com\/index.php\/wp-json\/wp\/v2\/comments?post=2484"}],"version-history":[{"count":6,"href":"https:\/\/www.vecchiarapallo.com\/index.php\/wp-json\/wp\/v2\/pages\/2484\/revisions"}],"predecessor-version":[{"id":2490,"href":"https:\/\/www.vecchiarapallo.com\/index.php\/wp-json\/wp\/v2\/pages\/2484\/revisions\/2490"}],"wp:attachment":[{"href":"https:\/\/www.vecchiarapallo.com\/index.php\/wp-json\/wp\/v2\/media?parent=2484"}],"curies":[{"name":"wp","href":"https:\/\/api.w.org\/{rel}","templated":true}]}}